{"id":7557,"date":"2019-12-08T05:28:52","date_gmt":"2019-12-08T05:28:52","guid":{"rendered":"https:\/\/demo.goodlayers.com\/mediz\/hospital\/?page_id=7557"},"modified":"2023-10-01T19:15:27","modified_gmt":"2023-10-01T19:15:27","slug":"agiz-dis-ve-cene-cerrahisi","status":"publish","type":"page","link":"http:\/\/beykoztipmerkezi.com\/index.php\/hizmetlerimiz\/agiz-dis-ve-cene-cerrahisi\/","title":{"rendered":"A\u011f\u0131z Di\u015f ve \u00c7ene Cerrahisi"},"content":{"rendered":"","protected":false},"excerpt":{"rendered":"","protected":false},"author":1,"featured_media":0,"parent":7303,"menu_order":0,"comment_status":"closed","ping_status":"closed","template":"","meta":{"_joinchat":[]},"_links":{"self":[{"href":"http:\/\/beykoztipmerkezi.com\/index.php\/wp-json\/wp\/v2\/pages\/7557"}],"collection":[{"href":"http:\/\/beykoztipmerkezi.com\/index.php\/wp-json\/wp\/v2\/pages"}],"about":[{"href":"http:\/\/beykoztipmerkezi.com\/index.php\/wp-json\/wp\/v2\/types\/page"}],"author":[{"embeddable":true,"href":"http:\/\/beykoztipmerkezi.com\/index.php\/wp-json\/wp\/v2\/users\/1"}],"replies":[{"embeddable":true,"href":"http:\/\/beykoztipmerkezi.com\/index.php\/wp-json\/wp\/v2\/comments?post=7557"}],"version-history":[{"count":5,"href":"http:\/\/beykoztipmerkezi.com\/index.php\/wp-json\/wp\/v2\/pages\/7557\/revisions"}],"predecessor-version":[{"id":9032,"href":"http:\/\/beykoztipmerkezi.com\/index.php\/wp-json\/wp\/v2\/pages\/7557\/revisions\/9032"}],"up":[{"embeddable":true,"href":"http:\/\/beykoztipmerkezi.com\/index.php\/wp-json\/wp\/v2\/pages\/7303"}],"wp:attachment":[{"href":"http:\/\/beykoztipmerkezi.com\/index.php\/wp-json\/wp\/v2\/media?parent=7557"}],"curies":[{"name":"wp","href":"https:\/\/api.w.org\/{rel}","templated":true}]}}